{"id":21449,"date":"2024-11-14T12:28:49","date_gmt":"2024-11-14T12:28:49","guid":{"rendered":"https:\/\/bimworkplace.com\/?page_id=21449"},"modified":"2025-02-04T15:40:19","modified_gmt":"2025-02-04T15:40:19","slug":"codigo-promocional","status":"publish","type":"page","link":"https:\/\/bimworkplace.com\/br\/promo-code\/","title":{"rendered":"C\u00f3digo promocional"},"content":{"rendered":"<div data-elementor-type=\"wp-post\" data-elementor-id=\"21449\" class=\"elementor elementor-21449\">\n\t\t\t\t\t\t<section class=\"elementor-section elementor-top-section elementor-element elementor-element-ac7beff elementor-section-full_width elementor-section-height-default elementor-section-height-default\" data-id=\"ac7beff\" data-element_type=\"section\" data-e-type=\"section\">\n\t\t\t\t\t\t<div class=\"elementor-container elementor-column-gap-default\">\n\t\t\t\t\t<div class=\"elementor-column elementor-col-100 elementor-top-column elementor-element elementor-element-53c28b0\" data-id=\"53c28b0\" data-element_type=\"column\" data-e-type=\"column\">\n\t\t\t<div class=\"elementor-widget-wrap elementor-element-populated\">\n\t\t\t\t\t\t<div class=\"elementor-element elementor-element-0644eb1 elementor-widget__width-inherit elementor-widget elementor-widget-saasland_hero\" data-id=\"0644eb1\" data-element_type=\"widget\" data-e-type=\"widget\" data-widget_type=\"saasland_hero.default\">\n\t\t\t\t<div class=\"elementor-widget-container\">\n\t\t\t\t\t<section class=\"saas_banner_area d-flex align-items-center\">\r\n            <img decoding=\"async\" class=\"saas_shap\" src=\"https:\/\/bimworkplace.com\/wp-content\/plugins\/saasland-core\/widgets\/hero\/images\/shape-1.png\" alt=\"&lt;strong&gt; Como usar seu desconto 10% &lt;br&gt;C&oacute;digo promocional&lt;\/strong&gt;\">\r\n                <img decoding=\"async\" class=\"saas_shap\" src=\"https:\/\/bimworkplace.com\/wp-content\/plugins\/saasland-core\/widgets\/hero\/images\/shape2.png\" alt=\"&lt;strong&gt; Como usar seu desconto 10% &lt;br&gt;C&oacute;digo promocional&lt;\/strong&gt;\">\r\n        <div class=\"container\">\r\n        <div class=\"row\">\r\n            <div class=\"col-lg-12\">\r\n                <div class=\"saas_banner_content text-center\">\r\n                                            <h1 class=\"typewrite_title f_700 f_size_40 w_color mb-0 wow fadeInUp\" data-wow-delay=\"0.3s\">\r\n                            <strong> Como usar seu desconto 10% <br>C\u00f3digo promocional<\/strong>                        <\/h1>\r\n                                                    <p class=\"w_color f_300 f_size_18 l_height30 mt_30 wow fadeInUp\" data-wow-delay=\"0.4s\">\r\n                        <br \/>\n                    <\/p>\r\n                                <div class=\"hero-btns d-flex justify-content-center align-items-center\">\r\n                    <div class=\"action_btn mt_40 wow fadeInUp\" data-wow-delay=\"0.5s\"><a href='https:\/\/bimworkplace.com\/br\/calculadora-de-precos\/' class='btn_hover saas_banner_btn elementor-repeater-item-7b925cd'> Simulador de Pre\u00e7os <\/a><\/div><div class=\"action_btn mt_40 wow fadeInUp\" data-wow-delay=\"0.5s\"><a href='https:\/\/calendly.com\/demobimworkplace\/45min?month=2025-01' class='btn_hover saas_banner_btn elementor-repeater-item-fd61a61'> Agende uma demonstra\u00e7\u00e3o <\/a><\/div>                <\/div>\r\n            <\/div>\r\n                    <\/div>\r\n    <\/div>\r\n    <\/div>\r\n<\/section>\r\n\r\n\t\t\t\t<\/div>\n\t\t\t\t<\/div>\n\t\t\t\t\t<\/div>\n\t\t<\/div>\n\t\t\t\t\t<\/div>\n\t\t<\/section>\n\t\t<div class=\"elementor-element elementor-element-ab480ff e-flex e-con-boxed e-con e-parent\" data-id=\"ab480ff\" data-element_type=\"container\" data-e-type=\"container\">\n\t\t\t\t\t<div class=\"e-con-inner\">\n\t\t<div class=\"elementor-element elementor-element-54cfdbd e-con-full e-flex e-con e-child\" data-id=\"54cfdbd\" data-element_type=\"container\" data-e-type=\"container\">\n\t\t\t\t<div class=\"elementor-element elementor-element-1dc76fc elementor-widget elementor-widget-heading\" data-id=\"1dc76fc\" data-element_type=\"widget\" data-e-type=\"widget\" data-widget_type=\"heading.default\">\n\t\t\t\t<div class=\"elementor-widget-container\">\n\t\t\t\t\t<h2 class=\"elementor-heading-title elementor-size-default\">Para usufruir de um desconto vital\u00edcio do c\u00f3digo 10% na sua compra, siga estes passos simples:<\/h2>\t\t\t\t<\/div>\n\t\t\t\t<\/div>\n\t\t\t\t<\/div>\n\t\t\t\t\t<\/div>\n\t\t\t\t<\/div>\n\t\t<div class=\"elementor-element elementor-element-368bbcb e-flex e-con-boxed e-con e-parent\" data-id=\"368bbcb\" data-element_type=\"container\" data-e-type=\"container\">\n\t\t\t\t\t<div class=\"e-con-inner\">\n\t\t\t\t<div class=\"elementor-element elementor-element-050a1d9 elementor-widget elementor-widget-text-editor\" data-id=\"050a1d9\" data-element_type=\"widget\" data-e-type=\"widget\" data-widget_type=\"text-editor.default\">\n\t\t\t\t<div class=\"elementor-widget-container\">\n\t\t\t\t\t\t\t\t\t<p><strong>1. Cadastre-se na plataforma: <\/strong>Visita <a href=\"https:\/\/app.bimworkplace.com\/\"><span style=\"text-decoration: underline;\">app.bimworkplace.com<\/span>\u00a0<\/a>e crie sua conta preenchendo as informa\u00e7\u00f5es necess\u00e1rias em \u201cCadastrar-se\u201d.\u201d<\/p>\t\t\t\t\t\t\t\t<\/div>\n\t\t\t\t<\/div>\n\t\t\t\t\t<\/div>\n\t\t\t\t<\/div>\n\t\t<div class=\"elementor-element elementor-element-f2c9497 e-flex e-con-boxed e-con e-parent\" data-id=\"f2c9497\" data-element_type=\"container\" data-e-type=\"container\">\n\t\t\t\t\t<div class=\"e-con-inner\">\n\t\t\t\t<div class=\"elementor-element elementor-element-d6f49fe elementor-widget elementor-widget-image\" data-id=\"d6f49fe\" data-element_type=\"widget\" data-e-type=\"widget\" data-widget_type=\"image.default\">\n\t\t\t\t<div class=\"elementor-widget-container\">\n\t\t\t\t\t\t\t\t\t\t\t\t\t\t\t<img fetchpriority=\"high\" decoding=\"async\" width=\"768\" height=\"367\" src=\"https:\/\/bimworkplace.com\/wp-content\/uploads\/2024\/11\/1-Sign-Up-768x367.jpg\" class=\"attachment-medium_large size-medium_large wp-image-21451\" alt=\"\" srcset=\"https:\/\/bimworkplace.com\/wp-content\/uploads\/2024\/11\/1-Sign-Up-768x367.jpg 768w, https:\/\/bimworkplace.com\/wp-content\/uploads\/2024\/11\/1-Sign-Up-300x143.jpg 300w, https:\/\/bimworkplace.com\/wp-content\/uploads\/2024\/11\/1-Sign-Up-1024x490.jpg 1024w, https:\/\/bimworkplace.com\/wp-content\/uploads\/2024\/11\/1-Sign-Up-1536x734.jpg 1536w, https:\/\/bimworkplace.com\/wp-content\/uploads\/2024\/11\/1-Sign-Up-18x9.jpg 18w, https:\/\/bimworkplace.com\/wp-content\/uploads\/2024\/11\/1-Sign-Up.jpg 1918w\" sizes=\"(max-width: 768px) 100vw, 768px\" \/>\t\t\t\t\t\t\t\t\t\t\t\t\t\t\t<\/div>\n\t\t\t\t<\/div>\n\t\t\t\t<div class=\"elementor-element elementor-element-548523d elementor-widget elementor-widget-text-editor\" data-id=\"548523d\" data-element_type=\"widget\" data-e-type=\"widget\" data-widget_type=\"text-editor.default\">\n\t\t\t\t<div class=\"elementor-widget-container\">\n\t\t\t\t\t\t\t\t\t<p><strong>2. Confirme seu e-mail<\/strong><br \/>Verifique sua caixa de entrada e clique no link de confirma\u00e7\u00e3o que lhe foi enviado.<\/p><p><strong>3. Fa\u00e7a login na plataforma.<\/strong><br \/>Acesse a plataforma usando suas credenciais.<\/p><p><strong>4. Inscreva-se em um novo local de trabalho<\/strong><br \/>Dentro da plataforma, selecione a op\u00e7\u00e3o para criar um novo local de trabalho.<\/p>\t\t\t\t\t\t\t\t<\/div>\n\t\t\t\t<\/div>\n\t\t\t\t\t<\/div>\n\t\t\t\t<\/div>\n\t\t<div class=\"elementor-element elementor-element-b6cbcd9 e-flex e-con-boxed e-con e-parent\" data-id=\"b6cbcd9\" data-element_type=\"container\" data-e-type=\"container\">\n\t\t\t\t\t<div class=\"e-con-inner\">\n\t\t\t\t<div class=\"elementor-element elementor-element-a12d075 elementor-widget elementor-widget-image\" data-id=\"a12d075\" data-element_type=\"widget\" data-e-type=\"widget\" data-widget_type=\"image.default\">\n\t\t\t\t<div class=\"elementor-widget-container\">\n\t\t\t\t\t\t\t\t\t\t\t\t\t\t\t<img decoding=\"async\" width=\"626\" height=\"846\" src=\"https:\/\/bimworkplace.com\/wp-content\/uploads\/2024\/11\/2-Subscrive-a-new-Workplace.jpg\" class=\"attachment-full size-full wp-image-21458\" alt=\"\" srcset=\"https:\/\/bimworkplace.com\/wp-content\/uploads\/2024\/11\/2-Subscrive-a-new-Workplace.jpg 626w, https:\/\/bimworkplace.com\/wp-content\/uploads\/2024\/11\/2-Subscrive-a-new-Workplace-222x300.jpg 222w, https:\/\/bimworkplace.com\/wp-content\/uploads\/2024\/11\/2-Subscrive-a-new-Workplace-9x12.jpg 9w\" sizes=\"(max-width: 626px) 100vw, 626px\" \/>\t\t\t\t\t\t\t\t\t\t\t\t\t\t\t<\/div>\n\t\t\t\t<\/div>\n\t\t\t\t<div class=\"elementor-element elementor-element-347a209 elementor-widget elementor-widget-text-editor\" data-id=\"347a209\" data-element_type=\"widget\" data-e-type=\"widget\" data-widget_type=\"text-editor.default\">\n\t\t\t\t<div class=\"elementor-widget-container\">\n\t\t\t\t\t\t\t\t\t<p><strong>5. Preencha as informa\u00e7\u00f5es de pagamento.<\/strong><br \/>Voc\u00ea ser\u00e1 redirecionado para a p\u00e1gina de faturamento. Insira os dados da sua empresa.<\/p><p><strong>6. Escolha o plano que melhor se adapta \u00e0s suas necessidades.<\/strong><br \/><em>(Saiba mais sobre nossos planos)\u00a0<\/em><span style=\"text-decoration: underline;\"><a href=\"https:\/\/bimworkplace.com\/br\/pricing\/\">aqui)<\/a><\/span><\/p>\t\t\t\t\t\t\t\t<\/div>\n\t\t\t\t<\/div>\n\t\t\t\t<div class=\"elementor-element elementor-element-1b3a51e elementor-widget elementor-widget-image\" data-id=\"1b3a51e\" data-element_type=\"widget\" data-e-type=\"widget\" data-widget_type=\"image.default\">\n\t\t\t\t<div class=\"elementor-widget-container\">\n\t\t\t\t\t\t\t\t\t\t\t\t\t\t\t<img decoding=\"async\" width=\"1024\" height=\"259\" src=\"https:\/\/bimworkplace.com\/wp-content\/uploads\/2024\/11\/imagem-17-1024x259.png\" class=\"attachment-large size-large wp-image-21466\" alt=\"\" srcset=\"https:\/\/bimworkplace.com\/wp-content\/uploads\/2024\/11\/imagem-17-1024x259.png 1024w, https:\/\/bimworkplace.com\/wp-content\/uploads\/2024\/11\/imagem-17-300x76.png 300w, https:\/\/bimworkplace.com\/wp-content\/uploads\/2024\/11\/imagem-17-768x194.png 768w, https:\/\/bimworkplace.com\/wp-content\/uploads\/2024\/11\/imagem-17-1536x389.png 1536w, https:\/\/bimworkplace.com\/wp-content\/uploads\/2024\/11\/imagem-17-18x5.png 18w, https:\/\/bimworkplace.com\/wp-content\/uploads\/2024\/11\/imagem-17.png 1885w\" sizes=\"(max-width: 1024px) 100vw, 1024px\" \/>\t\t\t\t\t\t\t\t\t\t\t\t\t\t\t<\/div>\n\t\t\t\t<\/div>\n\t\t\t\t<div class=\"elementor-element elementor-element-8d9ece4 elementor-widget elementor-widget-text-editor\" data-id=\"8d9ece4\" data-element_type=\"widget\" data-e-type=\"widget\" data-widget_type=\"text-editor.default\">\n\t\t\t\t<div class=\"elementor-widget-container\">\n\t\t\t\t\t\t\t\t\t<p><strong>7. Aplique o c\u00f3digo promocional<\/strong><br \/>Ao finalizar a compra, insira o c\u00f3digo. <em><strong>BWP10DEAL\u00a0 <\/strong><\/em>no campo de desconto designado.<\/p>\t\t\t\t\t\t\t\t<\/div>\n\t\t\t\t<\/div>\n\t\t\t\t<div class=\"elementor-element elementor-element-9eb0260 elementor-widget elementor-widget-image\" data-id=\"9eb0260\" data-element_type=\"widget\" data-e-type=\"widget\" data-widget_type=\"image.default\">\n\t\t\t\t<div class=\"elementor-widget-container\">\n\t\t\t\t\t\t\t\t\t\t\t\t\t\t\t<img loading=\"lazy\" decoding=\"async\" width=\"622\" height=\"862\" src=\"https:\/\/bimworkplace.com\/wp-content\/uploads\/2025\/02\/Captura-de-ecra-2025-02-04-153924.png\" class=\"attachment-medium_large size-medium_large wp-image-22014\" alt=\"\" srcset=\"https:\/\/bimworkplace.com\/wp-content\/uploads\/2025\/02\/Captura-de-ecra-2025-02-04-153924.png 622w, https:\/\/bimworkplace.com\/wp-content\/uploads\/2025\/02\/Captura-de-ecra-2025-02-04-153924-216x300.png 216w, https:\/\/bimworkplace.com\/wp-content\/uploads\/2025\/02\/Captura-de-ecra-2025-02-04-153924-9x12.png 9w\" sizes=\"(max-width: 622px) 100vw, 622px\" \/>\t\t\t\t\t\t\t\t\t\t\t\t\t\t\t<\/div>\n\t\t\t\t<\/div>\n\t\t\t\t<div class=\"elementor-element elementor-element-b5a71c7 elementor-widget elementor-widget-spacer\" data-id=\"b5a71c7\" data-element_type=\"widget\" data-e-type=\"widget\" data-widget_type=\"spacer.default\">\n\t\t\t\t<div class=\"elementor-widget-container\">\n\t\t\t\t\t\t\t<div class=\"elementor-spacer\">\n\t\t\t<div class=\"elementor-spacer-inner\"><\/div>\n\t\t<\/div>\n\t\t\t\t\t\t<\/div>\n\t\t\t\t<\/div>\n\t\t\t\t<div class=\"elementor-element elementor-element-18d6291 elementor-widget elementor-widget-text-editor\" data-id=\"18d6291\" data-element_type=\"widget\" data-e-type=\"widget\" data-widget_type=\"text-editor.default\">\n\t\t\t\t<div class=\"elementor-widget-container\">\n\t\t\t\t\t\t\t\t\t<p><strong>8. Finalize sua compra e aproveite o BIMWorkplace. \ud83d\ude42<\/strong><\/p>\t\t\t\t\t\t\t\t<\/div>\n\t\t\t\t<\/div>\n\t\t\t\t<div class=\"elementor-element elementor-element-95dedd1 elementor-widget elementor-widget-text-editor\" data-id=\"95dedd1\" data-element_type=\"widget\" data-e-type=\"widget\" data-widget_type=\"text-editor.default\">\n\t\t\t\t<div class=\"elementor-widget-container\">\n\t\t\t\t\t\t\t\t\t<p><span style=\"text-decoration: underline;\">Observa\u00e7\u00e3o<\/span>Este desconto vital\u00edcio 10% aplica-se a produtos existentes, com exce\u00e7\u00e3o do Revit. <span data-teams=\"true\">Extra\u00e7\u00e3o de dados atrav\u00e9s do BIMWorkplace ou CDE.<\/span><\/p>\t\t\t\t\t\t\t\t<\/div>\n\t\t\t\t<\/div>\n\t\t\t\t\t<\/div>\n\t\t\t\t<\/div>\n\t\t<div class=\"elementor-element elementor-element-533e50e e-flex e-con-boxed e-con e-parent\" data-id=\"533e50e\" data-element_type=\"container\" data-e-type=\"container\">\n\t\t\t\t\t<div class=\"e-con-inner\">\n\t\t<div class=\"elementor-element elementor-element-61a535c e-con-full e-flex e-con e-child\" data-id=\"61a535c\" data-element_type=\"container\" data-e-type=\"container\">\n\t\t\t\t<div class=\"elementor-element elementor-element-e71d246 elementor-button-info elementor-align-right elementor-widget elementor-widget-button\" data-id=\"e71d246\" data-element_type=\"widget\" data-e-type=\"widget\" data-widget_type=\"button.default\">\n\t\t\t\t<div class=\"elementor-widget-container\">\n\t\t\t\t\t\t\t\t\t<div class=\"elementor-button-wrapper\">\n\t\t\t\t\t<a class=\"elementor-button elementor-button-link elementor-size-sm elementor-animation-bounce-in\" href=\"https:\/\/app.bimworkplace.com\/authentication\/register\">\n\t\t\t\t\t\t<span class=\"elementor-button-content-wrapper\">\n\t\t\t\t\t\t\t\t\t<span class=\"elementor-button-text\">Solicite j\u00e1 o seu certificado 10%.<\/span>\n\t\t\t\t\t<\/span>\n\t\t\t\t\t<\/a>\n\t\t\t\t<\/div>\n\t\t\t\t\t\t\t\t<\/div>\n\t\t\t\t<\/div>\n\t\t\t\t<\/div>\n\t\t<div class=\"elementor-element elementor-element-027e166 e-con-full e-flex e-con e-child\" data-id=\"027e166\" data-element_type=\"container\" data-e-type=\"container\">\n\t\t\t\t<div class=\"elementor-element elementor-element-c75e286 elementor-button-info elementor-align-left elementor-widget elementor-widget-button\" data-id=\"c75e286\" data-element_type=\"widget\" data-e-type=\"widget\" data-widget_type=\"button.default\">\n\t\t\t\t<div class=\"elementor-widget-container\">\n\t\t\t\t\t\t\t\t\t<div class=\"elementor-button-wrapper\">\n\t\t\t\t\t<a class=\"elementor-button elementor-button-link elementor-size-sm elementor-animation-bounce-in\" href=\"https:\/\/app.bimworkplace.com\/authentication\/register\">\n\t\t\t\t\t\t<span class=\"elementor-button-content-wrapper\">\n\t\t\t\t\t\t\t\t\t<span class=\"elementor-button-text\">Acesse a calculadora de pre\u00e7os<\/span>\n\t\t\t\t\t<\/span>\n\t\t\t\t\t<\/a>\n\t\t\t\t<\/div>\n\t\t\t\t\t\t\t\t<\/div>\n\t\t\t\t<\/div>\n\t\t\t\t<\/div>\n\t\t\t\t\t<\/div>\n\t\t\t\t<\/div>\n\t\t\t\t<\/div>","protected":false},"excerpt":{"rendered":"<p>Learn how to apply promo codes on BIMWorkplace and unlock exclusive discounts on your favorite tools and services. Follow our simple step-by-step guide to save on your next purchase!<\/p>","protected":false},"author":2,"featured_media":21541,"parent":0,"menu_order":0,"comment_status":"closed","ping_status":"closed","template":"elementor_header_footer","meta":{"_acf_changed":false,"footnotes":""},"class_list":["post-21449","page","type-page","status-publish","has-post-thumbnail","hentry"],"acf":[],"yoast_head":"<!-- This site is optimized with the Yoast SEO plugin v27.4 - https:\/\/yoast.com\/product\/yoast-seo-wordpress\/ -->\n<title>Promo Codes on BIMWorkplace | Step-by-Step Guide to Save<\/title>\n<meta name=\"description\" content=\"Discover how to apply promo codes on BIMWorkplace to enjoy exclusive savings. Follow our easy step-by-step guide and start saving on your favorite tools and services today!\" \/>\n<meta name=\"robots\" content=\"index, follow, max-snippet:-1, max-image-preview:large, max-video-preview:-1\" \/>\n<link rel=\"canonical\" href=\"https:\/\/bimworkplace.com\/br\/codigo-promocional\/\" \/>\n<meta property=\"og:locale\" content=\"pt_BR\" \/>\n<meta property=\"og:type\" content=\"article\" \/>\n<meta property=\"og:title\" content=\"Promo Codes on BIMWorkplace | Step-by-Step Guide to Save\" \/>\n<meta property=\"og:description\" content=\"Discover how to apply promo codes on BIMWorkplace to enjoy exclusive savings. Follow our easy step-by-step guide and start saving on your favorite tools and services today!\" \/>\n<meta property=\"og:url\" content=\"https:\/\/bimworkplace.com\/br\/codigo-promocional\/\" \/>\n<meta property=\"og:site_name\" content=\"BIMWorkplace\" \/>\n<meta property=\"article:publisher\" content=\"https:\/\/www.facebook.com\/bimworkplace\" \/>\n<meta property=\"article:modified_time\" content=\"2025-02-04T15:40:19+00:00\" \/>\n<meta property=\"og:image\" content=\"https:\/\/bimworkplace.com\/wp-content\/uploads\/2024\/12\/34644491_8150246_Mesa-de-trabajo-1.jpg\" \/>\n\t<meta property=\"og:image:width\" content=\"1562\" \/>\n\t<meta property=\"og:image:height\" content=\"1042\" \/>\n\t<meta property=\"og:image:type\" content=\"image\/jpeg\" \/>\n<meta name=\"twitter:card\" content=\"summary_large_image\" \/>\n<meta name=\"twitter:site\" content=\"@bimworkplace\" \/>\n<meta name=\"twitter:label1\" content=\"Est. tempo de leitura\" \/>\n\t<meta name=\"twitter:data1\" content=\"4 minutos\" \/>\n<script type=\"application\/ld+json\" class=\"yoast-schema-graph\">{\"@context\":\"https:\\\/\\\/schema.org\",\"@graph\":[{\"@type\":\"WebPage\",\"@id\":\"https:\\\/\\\/bimworkplace.com\\\/promo-code\\\/\",\"url\":\"https:\\\/\\\/bimworkplace.com\\\/promo-code\\\/\",\"name\":\"Promo Codes on BIMWorkplace | Step-by-Step Guide to Save\",\"isPartOf\":{\"@id\":\"https:\\\/\\\/bimworkplace.com\\\/#website\"},\"primaryImageOfPage\":{\"@id\":\"https:\\\/\\\/bimworkplace.com\\\/promo-code\\\/#primaryimage\"},\"image\":{\"@id\":\"https:\\\/\\\/bimworkplace.com\\\/promo-code\\\/#primaryimage\"},\"thumbnailUrl\":\"https:\\\/\\\/bimworkplace.com\\\/wp-content\\\/uploads\\\/2024\\\/12\\\/34644491_8150246_Mesa-de-trabajo-1.jpg\",\"datePublished\":\"2024-11-14T12:28:49+00:00\",\"dateModified\":\"2025-02-04T15:40:19+00:00\",\"description\":\"Discover how to apply promo codes on BIMWorkplace to enjoy exclusive savings. Follow our easy step-by-step guide and start saving on your favorite tools and services today!\",\"breadcrumb\":{\"@id\":\"https:\\\/\\\/bimworkplace.com\\\/promo-code\\\/#breadcrumb\"},\"inLanguage\":\"pt-BR\",\"potentialAction\":[{\"@type\":\"ReadAction\",\"target\":[\"https:\\\/\\\/bimworkplace.com\\\/promo-code\\\/\"]}]},{\"@type\":\"ImageObject\",\"inLanguage\":\"pt-BR\",\"@id\":\"https:\\\/\\\/bimworkplace.com\\\/promo-code\\\/#primaryimage\",\"url\":\"https:\\\/\\\/bimworkplace.com\\\/wp-content\\\/uploads\\\/2024\\\/12\\\/34644491_8150246_Mesa-de-trabajo-1.jpg\",\"contentUrl\":\"https:\\\/\\\/bimworkplace.com\\\/wp-content\\\/uploads\\\/2024\\\/12\\\/34644491_8150246_Mesa-de-trabajo-1.jpg\",\"width\":1562,\"height\":1042},{\"@type\":\"BreadcrumbList\",\"@id\":\"https:\\\/\\\/bimworkplace.com\\\/promo-code\\\/#breadcrumb\",\"itemListElement\":[{\"@type\":\"ListItem\",\"position\":1,\"name\":\"Home\",\"item\":\"https:\\\/\\\/bimworkplace.com\\\/\"},{\"@type\":\"ListItem\",\"position\":2,\"name\":\"Promo Code\"}]},{\"@type\":\"WebSite\",\"@id\":\"https:\\\/\\\/bimworkplace.com\\\/#website\",\"url\":\"https:\\\/\\\/bimworkplace.com\\\/\",\"name\":\"BIMWorkplace\",\"description\":\"BIM | A single source of truth\",\"publisher\":{\"@id\":\"https:\\\/\\\/bimworkplace.com\\\/#organization\"},\"potentialAction\":[{\"@type\":\"SearchAction\",\"target\":{\"@type\":\"EntryPoint\",\"urlTemplate\":\"https:\\\/\\\/bimworkplace.com\\\/?s={search_term_string}\"},\"query-input\":{\"@type\":\"PropertyValueSpecification\",\"valueRequired\":true,\"valueName\":\"search_term_string\"}}],\"inLanguage\":\"pt-BR\"},{\"@type\":\"Organization\",\"@id\":\"https:\\\/\\\/bimworkplace.com\\\/#organization\",\"name\":\"BIMWorkplace\",\"url\":\"https:\\\/\\\/bimworkplace.com\\\/\",\"logo\":{\"@type\":\"ImageObject\",\"inLanguage\":\"pt-BR\",\"@id\":\"https:\\\/\\\/bimworkplace.com\\\/#\\\/schema\\\/logo\\\/image\\\/\",\"url\":\"https:\\\/\\\/bimworkplace.com\\\/wp-content\\\/uploads\\\/2021\\\/03\\\/Logo-cloud-vertical.png\",\"contentUrl\":\"https:\\\/\\\/bimworkplace.com\\\/wp-content\\\/uploads\\\/2021\\\/03\\\/Logo-cloud-vertical.png\",\"width\":626,\"height\":231,\"caption\":\"BIMWorkplace\"},\"image\":{\"@id\":\"https:\\\/\\\/bimworkplace.com\\\/#\\\/schema\\\/logo\\\/image\\\/\"},\"sameAs\":[\"https:\\\/\\\/www.facebook.com\\\/bimworkplace\",\"https:\\\/\\\/x.com\\\/bimworkplace\",\"https:\\\/\\\/www.linkedin.com\\\/company\\\/bimworkplace\"]}]}<\/script>\n<!-- \/ Yoast SEO plugin. -->","yoast_head_json":{"title":"C\u00f3digos promocionais no BIMWorkplace | Guia passo a passo para economizar","description":"Descubra como usar c\u00f3digos promocionais no BIMWorkplace para aproveitar descontos exclusivos. Siga nosso guia passo a passo e comece a economizar em suas ferramentas e servi\u00e7os favoritos hoje mesmo!","robots":{"index":"index","follow":"follow","max-snippet":"max-snippet:-1","max-image-preview":"max-image-preview:large","max-video-preview":"max-video-preview:-1"},"canonical":"https:\/\/bimworkplace.com\/br\/codigo-promocional\/","og_locale":"pt_BR","og_type":"article","og_title":"Promo Codes on BIMWorkplace | Step-by-Step Guide to Save","og_description":"Discover how to apply promo codes on BIMWorkplace to enjoy exclusive savings. Follow our easy step-by-step guide and start saving on your favorite tools and services today!","og_url":"https:\/\/bimworkplace.com\/br\/codigo-promocional\/","og_site_name":"BIMWorkplace","article_publisher":"https:\/\/www.facebook.com\/bimworkplace","article_modified_time":"2025-02-04T15:40:19+00:00","og_image":[{"width":1562,"height":1042,"url":"https:\/\/bimworkplace.com\/wp-content\/uploads\/2024\/12\/34644491_8150246_Mesa-de-trabajo-1.jpg","type":"image\/jpeg"}],"twitter_card":"summary_large_image","twitter_site":"@bimworkplace","twitter_misc":{"Est. tempo de leitura":"4 minutos"},"schema":{"@context":"https:\/\/schema.org","@graph":[{"@type":"WebPage","@id":"https:\/\/bimworkplace.com\/promo-code\/","url":"https:\/\/bimworkplace.com\/promo-code\/","name":"C\u00f3digos promocionais no BIMWorkplace | Guia passo a passo para economizar","isPartOf":{"@id":"https:\/\/bimworkplace.com\/#website"},"primaryImageOfPage":{"@id":"https:\/\/bimworkplace.com\/promo-code\/#primaryimage"},"image":{"@id":"https:\/\/bimworkplace.com\/promo-code\/#primaryimage"},"thumbnailUrl":"https:\/\/bimworkplace.com\/wp-content\/uploads\/2024\/12\/34644491_8150246_Mesa-de-trabajo-1.jpg","datePublished":"2024-11-14T12:28:49+00:00","dateModified":"2025-02-04T15:40:19+00:00","description":"Descubra como usar c\u00f3digos promocionais no BIMWorkplace para aproveitar descontos exclusivos. Siga nosso guia passo a passo e comece a economizar em suas ferramentas e servi\u00e7os favoritos hoje mesmo!","breadcrumb":{"@id":"https:\/\/bimworkplace.com\/promo-code\/#breadcrumb"},"inLanguage":"pt-BR","potentialAction":[{"@type":"ReadAction","target":["https:\/\/bimworkplace.com\/promo-code\/"]}]},{"@type":"ImageObject","inLanguage":"pt-BR","@id":"https:\/\/bimworkplace.com\/promo-code\/#primaryimage","url":"https:\/\/bimworkplace.com\/wp-content\/uploads\/2024\/12\/34644491_8150246_Mesa-de-trabajo-1.jpg","contentUrl":"https:\/\/bimworkplace.com\/wp-content\/uploads\/2024\/12\/34644491_8150246_Mesa-de-trabajo-1.jpg","width":1562,"height":1042},{"@type":"BreadcrumbList","@id":"https:\/\/bimworkplace.com\/promo-code\/#breadcrumb","itemListElement":[{"@type":"ListItem","position":1,"name":"Home","item":"https:\/\/bimworkplace.com\/"},{"@type":"ListItem","position":2,"name":"Promo Code"}]},{"@type":"WebSite","@id":"https:\/\/bimworkplace.com\/#website","url":"https:\/\/bimworkplace.com\/","name":"BIMWorkplace","description":"BIM | Uma \u00fanica fonte de verdade","publisher":{"@id":"https:\/\/bimworkplace.com\/#organization"},"potentialAction":[{"@type":"SearchAction","target":{"@type":"EntryPoint","urlTemplate":"https:\/\/bimworkplace.com\/?s={search_term_string}"},"query-input":{"@type":"PropertyValueSpecification","valueRequired":true,"valueName":"search_term_string"}}],"inLanguage":"pt-BR"},{"@type":"Organization","@id":"https:\/\/bimworkplace.com\/#organization","name":"BIMWorkplace","url":"https:\/\/bimworkplace.com\/","logo":{"@type":"ImageObject","inLanguage":"pt-BR","@id":"https:\/\/bimworkplace.com\/#\/schema\/logo\/image\/","url":"https:\/\/bimworkplace.com\/wp-content\/uploads\/2021\/03\/Logo-cloud-vertical.png","contentUrl":"https:\/\/bimworkplace.com\/wp-content\/uploads\/2021\/03\/Logo-cloud-vertical.png","width":626,"height":231,"caption":"BIMWorkplace"},"image":{"@id":"https:\/\/bimworkplace.com\/#\/schema\/logo\/image\/"},"sameAs":["https:\/\/www.facebook.com\/bimworkplace","https:\/\/x.com\/bimworkplace","https:\/\/www.linkedin.com\/company\/bimworkplace"]}]}},"_links":{"self":[{"href":"https:\/\/bimworkplace.com\/br\/wp-json\/wp\/v2\/pages\/21449","targetHints":{"allow":["GET"]}}],"collection":[{"href":"https:\/\/bimworkplace.com\/br\/wp-json\/wp\/v2\/pages"}],"about":[{"href":"https:\/\/bimworkplace.com\/br\/wp-json\/wp\/v2\/types\/page"}],"author":[{"embeddable":true,"href":"https:\/\/bimworkplace.com\/br\/wp-json\/wp\/v2\/users\/2"}],"replies":[{"embeddable":true,"href":"https:\/\/bimworkplace.com\/br\/wp-json\/wp\/v2\/comments?post=21449"}],"version-history":[{"count":0,"href":"https:\/\/bimworkplace.com\/br\/wp-json\/wp\/v2\/pages\/21449\/revisions"}],"wp:featuredmedia":[{"embeddable":true,"href":"https:\/\/bimworkplace.com\/br\/wp-json\/wp\/v2\/media\/21541"}],"wp:attachment":[{"href":"https:\/\/bimworkplace.com\/br\/wp-json\/wp\/v2\/media?parent=21449"}],"curies":[{"name":"wp","href":"https:\/\/api.w.org\/{rel}","templated":true}]}}